{"id":65,"date":"2022-12-22T13:37:36","date_gmt":"2022-12-22T12:37:36","guid":{"rendered":"https:\/\/www.salongbob.se\/?page_id=65"},"modified":"2025-05-08T16:42:33","modified_gmt":"2025-05-08T14:42:33","slug":"hem-2","status":"publish","type":"page","link":"https:\/\/www.salongbob.se\/","title":{"rendered":"Hem"},"content":{"rendered":"<p>[et_pb_section fb_built=&#8221;1&#8243; next_background_color=&#8221;#FFFFFF&#8221; admin_label=&#8221;Header&#8221; _builder_version=&#8221;4.18.0&#8243; _module_preset=&#8221;default&#8221; use_background_color_gradient=&#8221;on&#8221; background_color_gradient_stops=&#8221;#d6d6d6 2%|rgba(0,0,0,0.3) 43%&#8221; background_color_gradient_overlays_image=&#8221;on&#8221; background_image=&#8221;https:\/\/www.salongbob.se\/wp-content\/uploads\/2023\/01\/Salong-Bob-Frisor-Goteborg-Linneagatan.jpg&#8221; custom_padding=&#8221;8vw||8vw||true|false&#8221; bottom_divider_style=&#8221;curve&#8221; bottom_divider_height=&#8221;70px&#8221; bottom_divider_height_tablet=&#8221;70px&#8221; bottom_divider_height_phone=&#8221;55px&#8221; bottom_divider_height_last_edited=&#8221;on|desktop&#8221; locked=&#8221;off&#8221; collapsed=&#8221;on&#8221; global_colors_info=&#8221;{}&#8221;][et_pb_row custom_padding_last_edited=&#8221;on|phone&#8221; _builder_version=&#8221;4.18.0&#8243; _module_preset=&#8221;default&#8221; max_width=&#8221;510px&#8221; custom_padding=&#8221;60px||||false|false&#8221; custom_padding_tablet=&#8221;60px||||false|false&#8221; custom_padding_phone=&#8221;60px||||false|false&#8221; animation_style=&#8221;fade&#8221; animation_duration=&#8221;1200ms&#8221; global_colors_info=&#8221;{}&#8221;][et_pb_column type=&#8221;4_4&#8243; _builder_version=&#8221;4.19.1&#8243; _module_preset=&#8221;default&#8221; global_colors_info=&#8221;{}&#8221;][et_pb_text _builder_version=&#8221;4.18.0&#8243; _module_preset=&#8221;fdc2221c-7131-486c-86f2-08562fa39316&#8243; header_4_text_color=&#8221;#FFFFFF&#8221; header_4_font_size=&#8221;16px&#8221; text_orientation=&#8221;center&#8221; text_font_size_tablet=&#8221;&#8221; text_font_size_phone=&#8221;&#8221; text_font_size_last_edited=&#8221;on|desktop&#8221; header_4_font_size_tablet=&#8221;8px&#8221; header_4_font_size_phone=&#8221;6px&#8221; header_4_font_size_last_edited=&#8221;on|phone&#8221; global_colors_info=&#8221;{}&#8221;]<\/p>\n<h4>V\u00e4lkommen till<\/h4>\n<p>[\/et_pb_text][et_pb_text _builder_version=&#8221;4.18.0&#8243; _module_preset=&#8221;df7a8270-e594-4cde-8f38-cfc35d13136a&#8221; header_2_text_color=&#8221;#FFFFFF&#8221; text_orientation=&#8221;center&#8221; header_2_font_size_tablet=&#8221;45px&#8221; header_2_font_size_phone=&#8221;35px&#8221; global_colors_info=&#8221;{}&#8221;]<\/p>\n<h2>Salong Bob<\/h2>\n<p>[\/et_pb_text][et_pb_button button_url=&#8221;https:\/\/boka.easycashier.se\/salongbob&#8221; url_new_window=&#8221;on&#8221; button_text=&#8221;Boka tid online&#8221; button_alignment=&#8221;center&#8221; _builder_version=&#8221;4.18.0&#8243; _module_preset=&#8221;e2efdc7b-8db1-46a6-87d1-18865dc2d086&#8243; button_bg_color=&#8221;#D6D6D6&#8243; button_border_width=&#8221;0px&#8221; button_border_radius=&#8221;5px&#8221; button_letter_spacing=&#8221;0px&#8221; button_icon_color=&#8221;#000000&#8243; custom_padding_tablet=&#8221;&#8221; custom_padding_phone=&#8221;8px|15px|8px|15px|true|true&#8221; custom_padding_last_edited=&#8221;on|tablet&#8221; hover_transition_speed_curve=&#8221;ease-in-out&#8221; button_text_size_tablet=&#8221;12px&#8221; button_text_size_phone=&#8221;10px&#8221; button_text_size_last_edited=&#8221;on|phone&#8221; global_colors_info=&#8221;{}&#8221; button_bg_color__hover_enabled=&#8221;on|hover&#8221; button_bg_color__hover=&#8221;RGBA(255,255,255,0)&#8221; button_bg_enable_color__hover=&#8221;on&#8221; button_text_color__hover_enabled=&#8221;on|hover&#8221; button_text_color__hover=&#8221;#FFFFFF&#8221; button_icon_color__hover_enabled=&#8221;on|hover&#8221; button_icon_color__hover=&#8221;#FFFFFF&#8221;][\/et_pb_button][\/et_pb_column][\/et_pb_row][\/et_pb_section][et_pb_section fb_built=&#8221;1&#8243; admin_label=&#8221;Service&#8221; _builder_version=&#8221;4.18.0&#8243; _module_preset=&#8221;default&#8221; background_color=&#8221;#FFFFFF&#8221; custom_padding=&#8221;||104px|||&#8221; animation_style=&#8221;fade&#8221; collapsed=&#8221;on&#8221; global_colors_info=&#8221;{}&#8221;][et_pb_row _builder_version=&#8221;4.18.0&#8243; _module_preset=&#8221;default&#8221; custom_margin_tablet=&#8221;||-60px||false|false&#8221; custom_margin_phone=&#8221;||-60px||false|false&#8221; custom_margin_last_edited=&#8221;on|phone&#8221; global_colors_info=&#8221;{}&#8221;][et_pb_column type=&#8221;4_4&#8243; _builder_version=&#8221;4.19.1&#8243; _module_preset=&#8221;default&#8221; global_colors_info=&#8221;{}&#8221;][et_pb_text _builder_version=&#8221;4.18.0&#8243; _module_preset=&#8221;3fbc1884-b55c-4845-b272-715e009f7bac&#8221; global_colors_info=&#8221;{}&#8221;]<\/p>\n<div class=\"et_pb_module et_pb_text et_pb_text_0 et_pb_text_align_left et_pb_bg_layout_light et_multi_view__hover_selector et_multi_view__hovered\">\n<div class=\"et_pb_text_inner\" data-et-multi-view=\"{&quot;schema&quot;:{&quot;content&quot;:{&quot;desktop&quot;:&quot;&lt;h2 style=\\&quot;text-align: left;\\&quot;&gt;V\\u00e4lkomna till Salong Bob, mitt i hj\\u00e4rtat av G\\u00f6teborg p\\u00e5 en av stadens mysigaste gator \u2013 Linn\\u00e9gatan 44&lt;\\\/h2&gt;&quot;,&quot;tablet&quot;:&quot;&lt;h2&gt;V\\u00e4lkomna till Salong Bob, mitt i hj\\u00e4rtat av G\\u00f6teborg p\\u00e5 en av stadens mysigaste gator - Linn\\u00e9gatan 44&lt;\\\/h2&gt;&quot;,&quot;phone&quot;:&quot;&lt;h3&gt;V\\u00e4lkomna till Salong Bob, mitt i hj\\u00e4rtat av G\\u00f6teborg p\\u00e5 en av stadens mysigaste gator - Linn\\u00e9gatan 44&lt;\\\/h3&gt;&quot;}},&quot;slug&quot;:&quot;et_pb_text&quot;}\" data-et-multi-view-load-tablet-hidden=\"true\" data-et-multi-view-load-phone-hidden=\"true\" style=\"box-sizing: border-box; margin: 0px; padding: 0px; border: 0px; outline: 0px; font-size: 14px; text-size-adjust: 100%; vertical-align: baseline; background: transparent; position: relative;\">\n<h2>V\u00e4lkomna till Salong Bob, mitt i hj\u00e4rtat av G\u00f6teborg p\u00e5 en av stadens mysigaste gator \u2013 Linn\u00e9gatan 44<\/h2>\n<\/div>\n<\/div>\n<div class=\"et_pb_module et_pb_text et_pb_text_1  et_pb_text_align_left et_pb_bg_layout_light\">\n<div class=\"et_pb_text_inner\"><\/div>\n<\/div>\n<p>[\/et_pb_text][et_pb_text _builder_version=&#8221;4.18.0&#8243; _module_preset=&#8221;default&#8221; text_text_color=&#8221;#636363&#8243; hover_enabled=&#8221;0&#8243; global_colors_info=&#8221;{}&#8221; sticky_enabled=&#8221;0&#8243;]<\/p>\n<p>Vi som finns redo att v\u00e4lkomna dig in i v\u00e5rat vardagsrum \u00e4r Yvonne, Marie och Lisa. Tillsammans omger vi oss av det vi \u00e4lskar, h\u00e5r h\u00e5r h\u00e5r! Stig in och njut av handplockade produkter och f\u00e4rger som \u00e4r noga utvalda f\u00f6r att v\u00e4rna om dig och v\u00e5r milj\u00f6.<\/p>\n<p>V\u00e4lkommen till oss!<\/p>\n<p>[\/et_pb_text][et_pb_text _builder_version=&#8221;4.18.0&#8243; _module_preset=&#8221;default&#8221; text_text_color=&#8221;#636363&#8243; global_colors_info=&#8221;{}&#8221;]<\/p>\n<p>Ring oss g\u00e4rna p\u00e5 <strong><a href=\"tel:004631141444\">031-14 14 44<\/a><\/strong> f\u00f6r fr\u00e5gor och tidsbokning, eller boka online direkt via knappen nedan.<\/p>\n<p>[\/et_pb_text][et_pb_button button_url=&#8221;https:\/\/boka.easycashier.se\/salongbob&#8221; url_new_window=&#8221;on&#8221; button_text=&#8221;Boka tid online&#8221; button_alignment=&#8221;center&#8221; _builder_version=&#8221;4.18.0&#8243; _module_preset=&#8221;e2efdc7b-8db1-46a6-87d1-18865dc2d086&#8243; button_bg_color=&#8221;#D6D6D6&#8243; button_border_width=&#8221;0px&#8221; button_border_radius=&#8221;5px&#8221; button_letter_spacing=&#8221;0px&#8221; button_icon_color=&#8221;#000000&#8243; custom_margin=&#8221;||-2px|||&#8221; hover_transition_speed_curve=&#8221;ease-in-out&#8221; button_text_size_tablet=&#8221;&#8221; button_text_size_phone=&#8221;&#8221; button_text_size_last_edited=&#8221;on|phone&#8221; global_colors_info=&#8221;{}&#8221; button_bg_color__hover_enabled=&#8221;on|hover&#8221; button_bg_color__hover=&#8221;RGBA(255,255,255,0)&#8221; button_bg_enable_color__hover=&#8221;on&#8221; button_text_color__hover_enabled=&#8221;on|hover&#8221; button_text_color__hover=&#8221;#000000&#8243; button_icon_color__hover_enabled=&#8221;on|desktop&#8221; button_icon_color__hover=&#8221;#000000&#8243; button_border_color__hover_enabled=&#8221;on|hover&#8221;][\/et_pb_button][\/et_pb_column][\/et_pb_row][\/et_pb_section][et_pb_section fb_built=&#8221;1&#8243; custom_padding_last_edited=&#8221;on|tablet&#8221; admin_label=&#8221;Gallery&#8221; _builder_version=&#8221;4.18.0&#8243; _module_preset=&#8221;default&#8221; background_color=&#8221;#FFFFFF&#8221; overflow-x=&#8221;hidden&#8221; overflow-y=&#8221;hidden&#8221; custom_margin=&#8221;-20px||||false|false&#8221; custom_margin_tablet=&#8221;-10px||||false|false&#8221; custom_margin_phone=&#8221;-40px||||false|false&#8221; custom_margin_last_edited=&#8221;on|desktop&#8221; custom_padding=&#8221;0px||||false|false&#8221; custom_padding_tablet=&#8221;0px||||false|false&#8221; custom_padding_phone=&#8221;2px||||false|false&#8221; animation_style=&#8221;fade&#8221; animation_duration=&#8221;850ms&#8221; locked=&#8221;off&#8221; collapsed=&#8221;on&#8221; global_colors_info=&#8221;{}&#8221;][et_pb_row column_structure=&#8221;1_3,1_3,1_3&#8243; make_equal=&#8221;on&#8221; custom_padding_last_edited=&#8221;on|desktop&#8221; _builder_version=&#8221;4.18.0&#8243; _module_preset=&#8221;default&#8221; custom_padding_tablet=&#8221;||0px||false|false&#8221; custom_padding_phone=&#8221;||0px||false|false&#8221; animation_style=&#8221;fade&#8221; animation_duration=&#8221;1250ms&#8221; locked=&#8221;off&#8221; global_colors_info=&#8221;{}&#8221;][et_pb_column type=&#8221;1_3&#8243; _builder_version=&#8221;4.19.1&#8243; _module_preset=&#8221;default&#8221; global_colors_info=&#8221;{}&#8221;][et_pb_image src=&#8221;https:\/\/www.salongbob.se\/wp-content\/uploads\/2022\/12\/Salong-Bob-Linnegatan-Salon-1.jpeg&#8221; alt=&#8221;Bild p\u00e5 fris\u00f6rstol i Salong Bob, G\u00f6teborg.&#8221; title_text=&#8221;Salong-Bob-Linnegatan-Salon-1&#8243; align=&#8221;center&#8221; align_tablet=&#8221;center&#8221; align_phone=&#8221;center&#8221; align_last_edited=&#8221;on|phone&#8221; _builder_version=&#8221;4.18.0&#8243; _module_preset=&#8221;default&#8221; min_height=&#8221;315px&#8221; min_height_tablet=&#8221;315px&#8221; min_height_phone=&#8221;315px&#8221; min_height_last_edited=&#8221;on|desktop&#8221; max_height=&#8221;315px&#8221; max_height_tablet=&#8221;315px&#8221; max_height_phone=&#8221;315px&#8221; max_height_last_edited=&#8221;on|desktop&#8221; border_style_all=&#8221;none&#8221; global_colors_info=&#8221;{}&#8221;][\/et_pb_image][\/et_pb_column][et_pb_column type=&#8221;1_3&#8243; _builder_version=&#8221;4.18.0&#8243; _module_preset=&#8221;default&#8221; global_colors_info=&#8221;{}&#8221;][et_pb_image src=&#8221;https:\/\/www.salongbob.se\/wp-content\/uploads\/2023\/01\/Salong-Bob-Linnegatan-Salon-Doorway.jpeg&#8221; alt=&#8221;Bild fr\u00e5n Salong Bob, G\u00f6teborg.&#8221; title_text=&#8221;Salong-Bob-Linnegatan-Salon-Doorway&#8221; align=&#8221;center&#8221; _builder_version=&#8221;4.18.0&#8243; _module_preset=&#8221;default&#8221; min_height=&#8221;315px&#8221; height=&#8221;315px&#8221; height_tablet=&#8221;315px&#8221; height_phone=&#8221;315px&#8221; height_last_edited=&#8221;on|desktop&#8221; max_height=&#8221;315px&#8221; max_height_tablet=&#8221;315px&#8221; max_height_phone=&#8221;315px&#8221; max_height_last_edited=&#8221;on|desktop&#8221; border_width_all=&#8221;1px&#8221; border_color_all=&#8221;#000000&#8243; border_style_all=&#8221;none&#8221; locked=&#8221;off&#8221; global_colors_info=&#8221;{}&#8221;][\/et_pb_image][\/et_pb_column][et_pb_column type=&#8221;1_3&#8243; _builder_version=&#8221;4.19.1&#8243; _module_preset=&#8221;default&#8221; global_colors_info=&#8221;{}&#8221;][et_pb_image src=&#8221;https:\/\/www.salongbob.se\/wp-content\/uploads\/2023\/01\/Salong-Bob-Linnegatan-Salon-2.jpeg&#8221; alt=&#8221;Bild fr\u00e5n Salong Bob, G\u00f6teborg.&#8221; title_text=&#8221;Salong-Bob-Linnegatan-Salon-2&#8243; align=&#8221;center&#8221; _builder_version=&#8221;4.18.0&#8243; _module_preset=&#8221;default&#8221; min_height=&#8221;315px&#8221; min_height_tablet=&#8221;315px&#8221; min_height_phone=&#8221;315px&#8221; min_height_last_edited=&#8221;on|desktop&#8221; max_height=&#8221;315px&#8221; max_height_tablet=&#8221;315px&#8221; max_height_phone=&#8221;315px&#8221; max_height_last_edited=&#8221;on|tablet&#8221; border_width_all=&#8221;1px&#8221; border_color_all=&#8221;#000000&#8243; border_style_all=&#8221;none&#8221; locked=&#8221;off&#8221; global_colors_info=&#8221;{}&#8221;][\/et_pb_image][\/et_pb_column][\/et_pb_row][\/et_pb_section][et_pb_section fb_built=&#8221;1&#8243; admin_label=&#8221;Footer&#8221; _builder_version=&#8221;4.18.0&#8243; _module_preset=&#8221;default&#8221; background_color=&#8221;#999999&#8243; saved_tabs=&#8221;all&#8221; collapsed=&#8221;on&#8221; global_colors_info=&#8221;{}&#8221;][et_pb_row _builder_version=&#8221;4.19.1&#8243; _module_preset=&#8221;default&#8221; global_colors_info=&#8221;{}&#8221;][et_pb_column type=&#8221;4_4&#8243; _builder_version=&#8221;4.19.1&#8243; _module_preset=&#8221;default&#8221; global_colors_info=&#8221;{}&#8221;][et_pb_text _builder_version=&#8221;4.19.2&#8243; _module_preset=&#8221;53078059-c5a0-44f4-8742-e2ce54ad04ce&#8221; header_2_text_color=&#8221;#FFFFFF&#8221; global_colors_info=&#8221;{}&#8221;]<\/p>\n<h2>Hitta hit<\/h2>\n<p>[\/et_pb_text][\/et_pb_column][\/et_pb_row][et_pb_row column_structure=&#8221;3_4,1_4&#8243; _builder_version=&#8221;4.18.0&#8243; _module_preset=&#8221;default&#8221; global_colors_info=&#8221;{}&#8221;][et_pb_column type=&#8221;3_4&#8243; _builder_version=&#8221;4.18.0&#8243; _module_preset=&#8221;default&#8221; animation_style=&#8221;slide&#8221; animation_direction=&#8221;left&#8221; global_colors_info=&#8221;{}&#8221;][et_pb_code _builder_version=&#8221;4.18.0&#8243; _module_preset=&#8221;default&#8221; global_colors_info=&#8221;{}&#8221;]<iframe src=\"https:\/\/www.google.com\/maps\/embed?pb=!1m14!1m8!1m3!1d8529.171046395139!2d11.9525576!3d57.6944958!3m2!1i1024!2i768!4f13.1!3m3!1m2!1s0x0%3A0x669a88b8bc5d646e!2sSalong%20Bob!5e0!3m2!1sen!2sse!4v1672747099490!5m2!1sen!2sse\" width=\"750\" height=\"450\" style=\"border:0;\" allowfullscreen=\"\" loading=\"lazy\" referrerpolicy=\"no-referrer-when-downgrade\"><\/iframe>[\/et_pb_code][\/et_pb_column][et_pb_column type=&#8221;1_4&#8243; _builder_version=&#8221;4.18.0&#8243; _module_preset=&#8221;default&#8221; animation_style=&#8221;slide&#8221; animation_direction=&#8221;right&#8221; global_colors_info=&#8221;{}&#8221;][et_pb_image src=&#8221;https:\/\/www.salongbob.se\/wp-content\/uploads\/2022\/12\/Bob_logo_2_sv.png&#8221; title_text=&#8221;Bob_logo_2_sv&#8221; show_bottom_space=&#8221;off&#8221; align_tablet=&#8221;&#8221; align_phone=&#8221;&#8221; align_last_edited=&#8221;on|tablet&#8221; _builder_version=&#8221;4.18.0&#8243; _module_preset=&#8221;default&#8221; width=&#8221;60%&#8221; width_tablet=&#8221;20%&#8221; width_phone=&#8221;30%&#8221; width_last_edited=&#8221;on|desktop&#8221; module_alignment=&#8221;left&#8221; global_colors_info=&#8221;{}&#8221;][\/et_pb_image][et_pb_text _builder_version=&#8221;4.18.0&#8243; _module_preset=&#8221;674570e9-3fc0-46af-acc9-3805e260e81d&#8221; text_text_color=&#8221;#000000&#8243; custom_margin=&#8221;20px||0px||false|false&#8221; locked=&#8221;off&#8221; global_colors_info=&#8221;{%22gcid-77ec331f-6e38-4703-81e5-732034e538f2%22:%91%22text_text_color%22,%22text_text_color%22%93}&#8221;]<\/p>\n<p><strong>Telefon<\/strong><\/p>\n<p>[\/et_pb_text][et_pb_text _builder_version=&#8221;4.18.0&#8243; _module_preset=&#8221;3fbc1884-b55c-4845-b272-715e009f7bac&#8221; text_text_color=&#8221;#FFFFFF&#8221; custom_margin=&#8221;||0px||false|false&#8221; locked=&#8221;off&#8221; global_colors_info=&#8221;{}&#8221;]<\/p>\n<p><span style=\"color: #ffffff;\"><a href=\"tel:004631141444\" style=\"color: #ffffff;\">031 &#8211; 14 14 44<\/a><\/span><\/p>\n<p>[\/et_pb_text][et_pb_text _builder_version=&#8221;4.18.0&#8243; _module_preset=&#8221;674570e9-3fc0-46af-acc9-3805e260e81d&#8221; text_text_color=&#8221;#000000&#8243; custom_margin=&#8221;20px||0px||false|false&#8221; locked=&#8221;off&#8221; global_colors_info=&#8221;{%22gcid-77ec331f-6e38-4703-81e5-732034e538f2%22:%91%22text_text_color%22%93}&#8221;]<\/p>\n<p><strong>Adress<\/strong><\/p>\n<p>[\/et_pb_text][et_pb_text _builder_version=&#8221;4.18.0&#8243; _module_preset=&#8221;3fbc1884-b55c-4845-b272-715e009f7bac&#8221; text_text_color=&#8221;#FFFFFF&#8221; custom_margin=&#8221;||0px||false|false&#8221; locked=&#8221;off&#8221; global_colors_info=&#8221;{}&#8221;]<\/p>\n<p>Linn\u00e9gatan 44<br \/>G\u00f6teborg<\/p>\n<p>[\/et_pb_text][\/et_pb_column][\/et_pb_row][\/et_pb_section]<\/p>\n","protected":false},"excerpt":{"rendered":"<p>V\u00e4lkommen tillSalong Bob V\u00e4lkomna till Salong Bob, mitt i hj\u00e4rtat av G\u00f6teborg p\u00e5 en av stadens mysigaste gator \u2013 Linn\u00e9gatan 44 Vi som finns redo att v\u00e4lkomna dig in i v\u00e5rat vardagsrum \u00e4r Yvonne, Marie och Lisa. Tillsammans omger vi oss av det vi \u00e4lskar, h\u00e5r h\u00e5r h\u00e5r! Stig in och njut av handplockade produkter [&hellip;]<\/p>\n","protected":false},"author":1,"featured_media":51,"parent":0,"menu_order":0,"comment_status":"closed","ping_status":"closed","template":"","meta":{"_et_pb_use_builder":"on","_et_pb_old_content":"","_et_gb_content_width":"","_monsterinsights_skip_tracking":false,"_monsterinsights_sitenote_active":false,"_monsterinsights_sitenote_note":"","_monsterinsights_sitenote_category":0},"yoast_head":"<!-- This site is optimized with the Yoast SEO plugin v19.13 - https:\/\/yoast.com\/wordpress\/plugins\/seo\/ -->\n<title>Hem - Salong Bob<\/title>\n<meta name=\"description\" content=\"Varmt V\u00e4lkomna till oss p\u00e5 Salong Bob, mitt p\u00e5 en av G\u00f6teborgs trevligaste gator, Linn\u00e9gatan 44. Ring och boka p\u00e5 031-14 14 44 eller online.\" \/>\n<meta name=\"robots\" content=\"index, follow, max-snippet:-1, max-image-preview:large, max-video-preview:-1\" \/>\n<link rel=\"canonical\" href=\"https:\/\/www.salongbob.se\/\" \/>\n<meta property=\"og:locale\" content=\"sv_SE\" \/>\n<meta property=\"og:type\" content=\"article\" \/>\n<meta property=\"og:title\" content=\"Hem - Salong Bob\" \/>\n<meta property=\"og:description\" content=\"Varmt V\u00e4lkomna till oss p\u00e5 Salong Bob, mitt p\u00e5 en av G\u00f6teborgs trevligaste gator, Linn\u00e9gatan 44. Ring och boka p\u00e5 031-14 14 44 eller online.\" \/>\n<meta property=\"og:url\" content=\"https:\/\/www.salongbob.se\/\" \/>\n<meta property=\"og:site_name\" content=\"Salong Bob\" \/>\n<meta property=\"article:modified_time\" content=\"2025-05-08T14:42:33+00:00\" \/>\n<meta property=\"og:image\" content=\"https:\/\/www.salongbob.se\/wp-content\/uploads\/2023\/01\/Salong-Bob-Frisor-Goteborg-Linneagatan.jpg\" \/>\n\t<meta property=\"og:image:width\" content=\"1920\" \/>\n\t<meta property=\"og:image:height\" content=\"1372\" \/>\n\t<meta property=\"og:image:type\" content=\"image\/jpeg\" \/>\n<meta name=\"twitter:card\" content=\"summary_large_image\" \/>\n<meta name=\"twitter:label1\" content=\"Ber\u00e4knad l\u00e4stid\" \/>\n\t<meta name=\"twitter:data1\" content=\"3 minuter\" \/>\n<script type=\"application\/ld+json\" class=\"yoast-schema-graph\">{\"@context\":\"https:\/\/schema.org\",\"@graph\":[{\"@type\":\"WebPage\",\"@id\":\"https:\/\/www.salongbob.se\/\",\"url\":\"https:\/\/www.salongbob.se\/\",\"name\":\"Hem - Salong Bob\",\"isPartOf\":{\"@id\":\"https:\/\/www.salongbob.se\/#website\"},\"datePublished\":\"2022-12-22T12:37:36+00:00\",\"dateModified\":\"2025-05-08T14:42:33+00:00\",\"description\":\"Varmt V\u00e4lkomna till oss p\u00e5 Salong Bob, mitt p\u00e5 en av G\u00f6teborgs trevligaste gator, Linn\u00e9gatan 44. Ring och boka p\u00e5 031-14 14 44 eller online.\",\"breadcrumb\":{\"@id\":\"https:\/\/www.salongbob.se\/#breadcrumb\"},\"inLanguage\":\"sv-SE\",\"potentialAction\":[{\"@type\":\"ReadAction\",\"target\":[\"https:\/\/www.salongbob.se\/\"]}]},{\"@type\":\"BreadcrumbList\",\"@id\":\"https:\/\/www.salongbob.se\/#breadcrumb\",\"itemListElement\":[{\"@type\":\"ListItem\",\"position\":1,\"name\":\"Home\",\"item\":\"https:\/\/www.salongbob.se\/\"},{\"@type\":\"ListItem\",\"position\":2,\"name\":\"Hem\"}]},{\"@type\":\"WebSite\",\"@id\":\"https:\/\/www.salongbob.se\/#website\",\"url\":\"https:\/\/www.salongbob.se\/\",\"name\":\"Salong Bob\",\"description\":\"\",\"potentialAction\":[{\"@type\":\"SearchAction\",\"target\":{\"@type\":\"EntryPoint\",\"urlTemplate\":\"https:\/\/www.salongbob.se\/?s={search_term_string}\"},\"query-input\":\"required name=search_term_string\"}],\"inLanguage\":\"sv-SE\"}]}<\/script>\n<!-- \/ Yoast SEO plugin. -->","yoast_head_json":{"title":"Hem - Salong Bob","description":"Varmt V\u00e4lkomna till oss p\u00e5 Salong Bob, mitt p\u00e5 en av G\u00f6teborgs trevligaste gator, Linn\u00e9gatan 44. Ring och boka p\u00e5 031-14 14 44 eller online.","robots":{"index":"index","follow":"follow","max-snippet":"max-snippet:-1","max-image-preview":"max-image-preview:large","max-video-preview":"max-video-preview:-1"},"canonical":"https:\/\/www.salongbob.se\/","og_locale":"sv_SE","og_type":"article","og_title":"Hem - Salong Bob","og_description":"Varmt V\u00e4lkomna till oss p\u00e5 Salong Bob, mitt p\u00e5 en av G\u00f6teborgs trevligaste gator, Linn\u00e9gatan 44. Ring och boka p\u00e5 031-14 14 44 eller online.","og_url":"https:\/\/www.salongbob.se\/","og_site_name":"Salong Bob","article_modified_time":"2025-05-08T14:42:33+00:00","og_image":[{"width":1920,"height":1372,"url":"https:\/\/www.salongbob.se\/wp-content\/uploads\/2023\/01\/Salong-Bob-Frisor-Goteborg-Linneagatan.jpg","type":"image\/jpeg"}],"twitter_card":"summary_large_image","twitter_misc":{"Ber\u00e4knad l\u00e4stid":"3 minuter"},"schema":{"@context":"https:\/\/schema.org","@graph":[{"@type":"WebPage","@id":"https:\/\/www.salongbob.se\/","url":"https:\/\/www.salongbob.se\/","name":"Hem - Salong Bob","isPartOf":{"@id":"https:\/\/www.salongbob.se\/#website"},"datePublished":"2022-12-22T12:37:36+00:00","dateModified":"2025-05-08T14:42:33+00:00","description":"Varmt V\u00e4lkomna till oss p\u00e5 Salong Bob, mitt p\u00e5 en av G\u00f6teborgs trevligaste gator, Linn\u00e9gatan 44. Ring och boka p\u00e5 031-14 14 44 eller online.","breadcrumb":{"@id":"https:\/\/www.salongbob.se\/#breadcrumb"},"inLanguage":"sv-SE","potentialAction":[{"@type":"ReadAction","target":["https:\/\/www.salongbob.se\/"]}]},{"@type":"BreadcrumbList","@id":"https:\/\/www.salongbob.se\/#breadcrumb","itemListElement":[{"@type":"ListItem","position":1,"name":"Home","item":"https:\/\/www.salongbob.se\/"},{"@type":"ListItem","position":2,"name":"Hem"}]},{"@type":"WebSite","@id":"https:\/\/www.salongbob.se\/#website","url":"https:\/\/www.salongbob.se\/","name":"Salong Bob","description":"","potentialAction":[{"@type":"SearchAction","target":{"@type":"EntryPoint","urlTemplate":"https:\/\/www.salongbob.se\/?s={search_term_string}"},"query-input":"required name=search_term_string"}],"inLanguage":"sv-SE"}]}},"_links":{"self":[{"href":"https:\/\/www.salongbob.se\/index.php?rest_route=\/wp\/v2\/pages\/65"}],"collection":[{"href":"https:\/\/www.salongbob.se\/index.php?rest_route=\/wp\/v2\/pages"}],"about":[{"href":"https:\/\/www.salongbob.se\/index.php?rest_route=\/wp\/v2\/types\/page"}],"author":[{"embeddable":true,"href":"https:\/\/www.salongbob.se\/index.php?rest_route=\/wp\/v2\/users\/1"}],"replies":[{"embeddable":true,"href":"https:\/\/www.salongbob.se\/index.php?rest_route=%2Fwp%2Fv2%2Fcomments&post=65"}],"version-history":[{"count":6,"href":"https:\/\/www.salongbob.se\/index.php?rest_route=\/wp\/v2\/pages\/65\/revisions"}],"predecessor-version":[{"id":117,"href":"https:\/\/www.salongbob.se\/index.php?rest_route=\/wp\/v2\/pages\/65\/revisions\/117"}],"wp:featuredmedia":[{"embeddable":true,"href":"https:\/\/www.salongbob.se\/index.php?rest_route=\/wp\/v2\/media\/51"}],"wp:attachment":[{"href":"https:\/\/www.salongbob.se\/index.php?rest_route=%2Fwp%2Fv2%2Fmedia&parent=65"}],"curies":[{"name":"wp","href":"https:\/\/api.w.org\/{rel}","templated":true}]}}